{"id":1065,"date":"2023-03-13T12:02:51","date_gmt":"2023-03-13T12:02:51","guid":{"rendered":"https:\/\/orodjarstvo-rode.com\/cnc-fraesen\/"},"modified":"2023-04-26T14:34:15","modified_gmt":"2023-04-26T14:34:15","slug":"cnc-fraesen","status":"publish","type":"page","link":"https:\/\/orodjarstvo-rode.com\/de\/cnc-fraesen\/","title":{"rendered":"CNC-Fr\u00e4sen"},"content":{"rendered":"\t\t<div data-elementor-type=\"wp-page\" data-elementor-id=\"1065\" class=\"elementor elementor-1065 elementor-100\" data-elementor-post-type=\"page\">\n\t\t\t\t\t\t<section class=\"elementor-section elementor-top-section elementor-element elementor-element-38ca3a94 elementor-section-boxed elementor-section-height-default elementor-section-height-default elementor-invisible\" data-id=\"38ca3a94\" data-element_type=\"section\" data-settings=\"{&quot;background_background&quot;:&quot;classic&quot;,&quot;animation&quot;:&quot;fadeIn&quot;}\">\n\t\t\t\t\t\t\t<div class=\"elementor-background-overlay\"><\/div>\n\t\t\t\t\t\t\t<div class=\"elementor-container elementor-column-gap-default\">\n\t\t\t\t\t<div class=\"elementor-column elementor-col-100 elementor-top-column elementor-element elementor-element-2e83d9cc\" data-id=\"2e83d9cc\" data-element_type=\"column\">\n\t\t\t<div class=\"elementor-widget-wrap elementor-element-populated\">\n\t\t\t\t\t\t<div class=\"elementor-element elementor-element-6525f6d5 elementor-invisible elementor-widget elementor-widget-heading\" data-id=\"6525f6d5\" data-element_type=\"widget\" data-settings=\"{&quot;_animation&quot;:&quot;fadeInUp&quot;}\" data-widget_type=\"heading.default\">\n\t\t\t\t<div class=\"elementor-widget-container\">\n\t\t\t\t\t<h1 class=\"elementor-heading-title elementor-size-default\">CNC-Fr\u00e4sen<\/h1>\t\t\t\t<\/div>\n\t\t\t\t<\/div>\n\t\t\t\t<div class=\"elementor-element elementor-element-78f1f5 elementor-invisible elementor-widget elementor-widget-text-editor\" data-id=\"78f1f5\" data-element_type=\"widget\" data-settings=\"{&quot;_animation&quot;:&quot;fadeInUp&quot;}\" data-widget_type=\"text-editor.default\">\n\t\t\t\t<div class=\"elementor-widget-container\">\n\t\t\t\t\t\t\t\t\t<p>Das 3-Achs-Fr\u00e4sen erm\u00f6glicht die Herstellung pr\u00e4ziser Formen aus verschiedenen Materialien, die sich dann zum Spritzgie\u00dfen von Gummi, Kunststoff usw. eignen.<\/p>\n\t\t\t\t\t\t\t\t<\/div>\n\t\t\t\t<\/div>\n\t\t\t\t\t<\/div>\n\t\t<\/div>\n\t\t\t\t\t<\/div>\n\t\t<\/section>\n\t\t\t\t<section class=\"elementor-section elementor-top-section elementor-element elementor-element-31f21ae7 elementor-section-boxed elementor-section-height-default elementor-section-height-default\" data-id=\"31f21ae7\" data-element_type=\"section\" data-settings=\"{&quot;background_background&quot;:&quot;classic&quot;}\">\n\t\t\t\t\t\t\t<div class=\"elementor-background-overlay\"><\/div>\n\t\t\t\t\t\t\t<div class=\"elementor-container elementor-column-gap-default\">\n\t\t\t\t\t<div class=\"elementor-column elementor-col-100 elementor-top-column elementor-element elementor-element-4ba2b615\" data-id=\"4ba2b615\" data-element_type=\"column\">\n\t\t\t<div class=\"elementor-widget-wrap elementor-element-populated\">\n\t\t\t\t\t\t<section class=\"elementor-section elementor-inner-section elementor-element elementor-element-6515c1b9 elementor-section-boxed elementor-section-height-default elementor-section-height-default\" data-id=\"6515c1b9\" data-element_type=\"section\">\n\t\t\t\t\t\t<div class=\"elementor-container elementor-column-gap-default\">\n\t\t\t\t\t<div class=\"elementor-column elementor-col-50 elementor-inner-column elementor-element elementor-element-39289f5b\" data-id=\"39289f5b\" data-element_type=\"column\">\n\t\t\t<div class=\"elementor-widget-wrap elementor-element-populated\">\n\t\t\t\t\t\t<div class=\"elementor-element elementor-element-62cc81e8 elementor-invisible elementor-widget elementor-widget-heading\" data-id=\"62cc81e8\" data-element_type=\"widget\" data-settings=\"{&quot;_animation&quot;:&quot;fadeInLeft&quot;}\" data-widget_type=\"heading.default\">\n\t\t\t\t<div class=\"elementor-widget-container\">\n\t\t\t\t\t<h3 class=\"elementor-heading-title elementor-size-default\">3-Achsen-CNC-Fr\u00e4sen<\/h3>\t\t\t\t<\/div>\n\t\t\t\t<\/div>\n\t\t\t\t<div class=\"elementor-element elementor-element-1b3bf150 elementor-widget__width-initial elementor-widget-tablet__width-initial elementor-widget-mobile__width-inherit elementor-invisible elementor-widget elementor-widget-text-editor\" data-id=\"1b3bf150\" data-element_type=\"widget\" data-settings=\"{&quot;_animation&quot;:&quot;fadeInUp&quot;}\" data-widget_type=\"text-editor.default\">\n\t\t\t\t<div class=\"elementor-widget-container\">\n\t\t\t\t\t\t\t\t\t<p>Zur Herstellung von Werkzeugen verwenden wir unsere CNC-Maschinen, mit denen verschiedene Materialien gefr\u00e4st werden k\u00f6nnen:<\/p>\n<p>GENTIGER GT-66V, Arbeitsgang: 740 x 500 x 400 mm, 24000 U\/min<br \/>LEEDWELL v30i, Arbeitsgang: 760 x 510 x 610 mm, 12000 U\/min (M\u00f6glichkeit der Bearbeitung gr\u00f6\u00dferer Platten)<\/p>\n\t\t\t\t\t\t\t\t<\/div>\n\t\t\t\t<\/div>\n\t\t\t\t\t<\/div>\n\t\t<\/div>\n\t\t\t\t<div class=\"elementor-column elementor-col-50 elementor-inner-column elementor-element elementor-element-38768956\" data-id=\"38768956\" data-element_type=\"column\">\n\t\t\t<div class=\"elementor-widget-wrap elementor-element-populated\">\n\t\t\t\t\t\t<div class=\"elementor-element elementor-element-5842398f elementor-invisible elementor-widget elementor-widget-image\" data-id=\"5842398f\" data-element_type=\"widget\" data-settings=\"{&quot;_animation&quot;:&quot;fadeInRight&quot;}\" data-widget_type=\"image.default\">\n\t\t\t\t<div class=\"elementor-widget-container\">\n\t\t\t\t\t\t\t\t\t\t\t\t\t\t\t<img loading=\"lazy\" decoding=\"async\" width=\"1800\" height=\"1200\" src=\"https:\/\/orodjarstvo-rode.com\/wp-content\/uploads\/2023\/03\/Orodjarstvo_Rode-14.jpg\" class=\"attachment-full size-full wp-image-380\" alt=\"\" srcset=\"https:\/\/orodjarstvo-rode.com\/wp-content\/uploads\/2023\/03\/Orodjarstvo_Rode-14.jpg 1800w, https:\/\/orodjarstvo-rode.com\/wp-content\/uploads\/2023\/03\/Orodjarstvo_Rode-14-300x200.jpg 300w, https:\/\/orodjarstvo-rode.com\/wp-content\/uploads\/2023\/03\/Orodjarstvo_Rode-14-1024x683.jpg 1024w, https:\/\/orodjarstvo-rode.com\/wp-content\/uploads\/2023\/03\/Orodjarstvo_Rode-14-768x512.jpg 768w, https:\/\/orodjarstvo-rode.com\/wp-content\/uploads\/2023\/03\/Orodjarstvo_Rode-14-1536x1024.jpg 1536w\" sizes=\"auto, (max-width: 1800px) 100vw, 1800px\" \/>\t\t\t\t\t\t\t\t\t\t\t\t\t\t\t<\/div>\n\t\t\t\t<\/div>\n\t\t\t\t\t<\/div>\n\t\t<\/div>\n\t\t\t\t\t<\/div>\n\t\t<\/section>\n\t\t\t\t<section class=\"elementor-section elementor-inner-section elementor-element elementor-element-4b1f98a2 elementor-reverse-mobile elementor-section-boxed elementor-section-height-default elementor-section-height-default\" data-id=\"4b1f98a2\" data-element_type=\"section\">\n\t\t\t\t\t\t<div class=\"elementor-container elementor-column-gap-default\">\n\t\t\t\t\t<div class=\"elementor-column elementor-col-50 elementor-inner-column elementor-element elementor-element-3e0eb09b\" data-id=\"3e0eb09b\" data-element_type=\"column\">\n\t\t\t<div class=\"elementor-widget-wrap elementor-element-populated\">\n\t\t\t\t\t\t<div class=\"elementor-element elementor-element-9e0c59f elementor-arrows-position-inside elementor-pagination-position-outside elementor-widget elementor-widget-image-carousel\" data-id=\"9e0c59f\" data-element_type=\"widget\" data-settings=\"{&quot;slides_to_show&quot;:&quot;1&quot;,&quot;navigation&quot;:&quot;both&quot;,&quot;autoplay&quot;:&quot;yes&quot;,&quot;pause_on_hover&quot;:&quot;yes&quot;,&quot;pause_on_interaction&quot;:&quot;yes&quot;,&quot;autoplay_speed&quot;:5000,&quot;infinite&quot;:&quot;yes&quot;,&quot;effect&quot;:&quot;slide&quot;,&quot;speed&quot;:500}\" data-widget_type=\"image-carousel.default\">\n\t\t\t\t<div class=\"elementor-widget-container\">\n\t\t\t\t\t\t\t<div class=\"elementor-image-carousel-wrapper swiper\" role=\"region\" aria-roledescription=\"carousel\" aria-label=\"Bild Karussell\" dir=\"ltr\">\n\t\t\t<div class=\"elementor-image-carousel swiper-wrapper\" aria-live=\"off\">\n\t\t\t\t\t\t\t\t<div class=\"swiper-slide\" role=\"group\" aria-roledescription=\"slide\" aria-label=\"1 von 4\"><figure class=\"swiper-slide-inner\"><img decoding=\"async\" class=\"swiper-slide-image\" src=\"https:\/\/orodjarstvo-rode.com\/wp-content\/uploads\/2023\/04\/Orodjarstvo_Rode-11.jpg\" alt=\"Orodjarstvo_Rode-11.jpg\" \/><\/figure><\/div><div class=\"swiper-slide\" role=\"group\" aria-roledescription=\"slide\" aria-label=\"2 von 4\"><figure class=\"swiper-slide-inner\"><img decoding=\"async\" class=\"swiper-slide-image\" src=\"https:\/\/orodjarstvo-rode.com\/wp-content\/uploads\/2023\/04\/orodje-2.jpg\" alt=\"orodje-2.jpg\" \/><\/figure><\/div><div class=\"swiper-slide\" role=\"group\" aria-roledescription=\"slide\" aria-label=\"3 von 4\"><figure class=\"swiper-slide-inner\"><img decoding=\"async\" class=\"swiper-slide-image\" src=\"https:\/\/orodjarstvo-rode.com\/wp-content\/uploads\/2023\/04\/Orodjarstvo_Rode-13-2.jpg\" alt=\"Orodjarstvo_Rode-13-2.jpg\" \/><\/figure><\/div><div class=\"swiper-slide\" role=\"group\" aria-roledescription=\"slide\" aria-label=\"4 von 4\"><figure class=\"swiper-slide-inner\"><img decoding=\"async\" class=\"swiper-slide-image\" src=\"https:\/\/orodjarstvo-rode.com\/wp-content\/uploads\/2023\/04\/Obroc-plastika-1.jpg\" alt=\"Obroc-plastika.jpg\" \/><\/figure><\/div>\t\t\t<\/div>\n\t\t\t\t\t\t\t\t\t\t\t\t<div class=\"elementor-swiper-button elementor-swiper-button-prev\" role=\"button\" tabindex=\"0\">\n\t\t\t\t\t\t<i aria-hidden=\"true\" class=\"eicon-chevron-left\"><\/i>\t\t\t\t\t<\/div>\n\t\t\t\t\t<div class=\"elementor-swiper-button elementor-swiper-button-next\" role=\"button\" tabindex=\"0\">\n\t\t\t\t\t\t<i aria-hidden=\"true\" class=\"eicon-chevron-right\"><\/i>\t\t\t\t\t<\/div>\n\t\t\t\t\n\t\t\t\t\t\t\t\t\t<div class=\"swiper-pagination\"><\/div>\n\t\t\t\t\t\t\t\t\t<\/div>\n\t\t\t\t\t\t<\/div>\n\t\t\t\t<\/div>\n\t\t\t\t\t<\/div>\n\t\t<\/div>\n\t\t\t\t<div class=\"elementor-column elementor-col-50 elementor-inner-column elementor-element elementor-element-218f8264\" data-id=\"218f8264\" data-element_type=\"column\">\n\t\t\t<div class=\"elementor-widget-wrap elementor-element-populated\">\n\t\t\t\t\t\t<div class=\"elementor-element elementor-element-7530c3cb elementor-invisible elementor-widget elementor-widget-text-editor\" data-id=\"7530c3cb\" data-element_type=\"widget\" data-settings=\"{&quot;_animation&quot;:&quot;fadeInUp&quot;}\" data-widget_type=\"text-editor.default\">\n\t\t\t\t<div class=\"elementor-widget-container\">\n\t\t\t\t\t\t\t\t\t<p>Wir stellen alle Werkzeuge im eigenen Unternehmen mit unseren eigenen Maschinen her, sodass der Herstellungsprozess Ihres Werkzeugs schnell ist. Ohne Outsourcing und Warten auf andere Partner beginnen wir unmittelbar nach Abschluss des Designs mit der CNC-Bearbeitung, bis wir das Endprodukt erhalten.<\/p>\n\t\t\t\t\t\t\t\t<\/div>\n\t\t\t\t<\/div>\n\t\t\t\t<div class=\"elementor-element elementor-element-62f2047e elementor-align-left elementor-widget elementor-widget-button\" data-id=\"62f2047e\" data-element_type=\"widget\" data-widget_type=\"button.default\">\n\t\t\t\t<div class=\"elementor-widget-container\">\n\t\t\t\t\t\t\t\t\t<div class=\"elementor-button-wrapper\">\n\t\t\t\t\t<a class=\"elementor-button elementor-button-link elementor-size-sm\" href=\"https:\/\/orodjarstvo-rode.com\/de\/taucherosion\/\">\n\t\t\t\t\t\t<span class=\"elementor-button-content-wrapper\">\n\t\t\t\t\t\t\t\t\t<span class=\"elementor-button-text\">Lesen Sie mehr<\/span>\n\t\t\t\t\t<\/span>\n\t\t\t\t\t<\/a>\n\t\t\t\t<\/div>\n\t\t\t\t\t\t\t\t<\/div>\n\t\t\t\t<\/div>\n\t\t\t\t\t<\/div>\n\t\t<\/div>\n\t\t\t\t\t<\/div>\n\t\t<\/section>\n\t\t\t\t\t<\/div>\n\t\t<\/div>\n\t\t\t\t\t<\/div>\n\t\t<\/section>\n\t\t\t\t<\/div>\n\t\t","protected":false},"excerpt":{"rendered":"<p>CNC-Fr\u00e4sen Das 3-Achs-Fr\u00e4sen erm\u00f6glicht die Herstellung pr\u00e4ziser Formen aus verschiedenen Materialien, die sich dann zum Spritzgie\u00dfen von Gummi, Kunststoff usw. eignen. 3-Achsen-CNC-Fr\u00e4sen Zur Herstellung von Werkzeugen verwenden wir unsere CNC-Maschinen, mit denen verschiedene Materialien gefr\u00e4st werden k\u00f6nnen: GENTIGER GT-66V, Arbeitsgang: 740 x 500 x 400 mm, 24000 U\/minLEEDWELL v30i, Arbeitsgang: 760 x 510 x 610 [&hellip;]<\/p>\n","protected":false},"author":1,"featured_media":0,"parent":0,"menu_order":0,"comment_status":"closed","ping_status":"closed","template":"","meta":{"footnotes":""},"class_list":["post-1065","page","type-page","status-publish","hentry"],"yoast_head":"<!-- This site is optimized with the Yoast SEO plugin v26.7 - https:\/\/yoast.com\/wordpress\/plugins\/seo\/ -->\n<title>CNC-Fr\u00e4sen - Orodjarstvo Rode<\/title>\n<meta name=\"robots\" content=\"index, follow, max-snippet:-1, max-image-preview:large, max-video-preview:-1\" \/>\n<link rel=\"canonical\" href=\"https:\/\/orodjarstvo-rode.com\/de\/cnc-fraesen\/\" \/>\n<meta property=\"og:locale\" content=\"de_DE\" \/>\n<meta property=\"og:type\" content=\"article\" \/>\n<meta property=\"og:title\" content=\"CNC-Fr\u00e4sen - Orodjarstvo Rode\" \/>\n<meta property=\"og:description\" content=\"CNC-Fr\u00e4sen Das 3-Achs-Fr\u00e4sen erm\u00f6glicht die Herstellung pr\u00e4ziser Formen aus verschiedenen Materialien, die sich dann zum Spritzgie\u00dfen von Gummi, Kunststoff usw. eignen. 3-Achsen-CNC-Fr\u00e4sen Zur Herstellung von Werkzeugen verwenden wir unsere CNC-Maschinen, mit denen verschiedene Materialien gefr\u00e4st werden k\u00f6nnen: GENTIGER GT-66V, Arbeitsgang: 740 x 500 x 400 mm, 24000 U\/minLEEDWELL v30i, Arbeitsgang: 760 x 510 x 610 [&hellip;]\" \/>\n<meta property=\"og:url\" content=\"https:\/\/orodjarstvo-rode.com\/de\/cnc-fraesen\/\" \/>\n<meta property=\"og:site_name\" content=\"Orodjarstvo Rode\" \/>\n<meta property=\"article:modified_time\" content=\"2023-04-26T14:34:15+00:00\" \/>\n<meta property=\"og:image\" content=\"https:\/\/orodjarstvo-rode.com\/wp-content\/uploads\/2023\/03\/Orodjarstvo_Rode-14.jpg\" \/>\n<meta name=\"twitter:card\" content=\"summary_large_image\" \/>\n<meta name=\"twitter:label1\" content=\"Gesch\u00e4tzte Lesezeit\" \/>\n\t<meta name=\"twitter:data1\" content=\"1\u00a0Minute\" \/>\n<script type=\"application\/ld+json\" class=\"yoast-schema-graph\">{\"@context\":\"https:\/\/schema.org\",\"@graph\":[{\"@type\":\"WebPage\",\"@id\":\"https:\/\/orodjarstvo-rode.com\/de\/cnc-fraesen\/\",\"url\":\"https:\/\/orodjarstvo-rode.com\/de\/cnc-fraesen\/\",\"name\":\"CNC-Fr\u00e4sen - Orodjarstvo Rode\",\"isPartOf\":{\"@id\":\"https:\/\/orodjarstvo-rode.com\/#website\"},\"primaryImageOfPage\":{\"@id\":\"https:\/\/orodjarstvo-rode.com\/de\/cnc-fraesen\/#primaryimage\"},\"image\":{\"@id\":\"https:\/\/orodjarstvo-rode.com\/de\/cnc-fraesen\/#primaryimage\"},\"thumbnailUrl\":\"https:\/\/orodjarstvo-rode.com\/wp-content\/uploads\/2023\/03\/Orodjarstvo_Rode-14.jpg\",\"datePublished\":\"2023-03-13T12:02:51+00:00\",\"dateModified\":\"2023-04-26T14:34:15+00:00\",\"breadcrumb\":{\"@id\":\"https:\/\/orodjarstvo-rode.com\/de\/cnc-fraesen\/#breadcrumb\"},\"inLanguage\":\"de\",\"potentialAction\":[{\"@type\":\"ReadAction\",\"target\":[\"https:\/\/orodjarstvo-rode.com\/de\/cnc-fraesen\/\"]}]},{\"@type\":\"ImageObject\",\"inLanguage\":\"de\",\"@id\":\"https:\/\/orodjarstvo-rode.com\/de\/cnc-fraesen\/#primaryimage\",\"url\":\"https:\/\/orodjarstvo-rode.com\/wp-content\/uploads\/2023\/03\/Orodjarstvo_Rode-14.jpg\",\"contentUrl\":\"https:\/\/orodjarstvo-rode.com\/wp-content\/uploads\/2023\/03\/Orodjarstvo_Rode-14.jpg\"},{\"@type\":\"BreadcrumbList\",\"@id\":\"https:\/\/orodjarstvo-rode.com\/de\/cnc-fraesen\/#breadcrumb\",\"itemListElement\":[{\"@type\":\"ListItem\",\"position\":1,\"name\":\"Home\",\"item\":\"https:\/\/orodjarstvo-rode.com\/\"},{\"@type\":\"ListItem\",\"position\":2,\"name\":\"CNC-Fr\u00e4sen\"}]},{\"@type\":\"WebSite\",\"@id\":\"https:\/\/orodjarstvo-rode.com\/#website\",\"url\":\"https:\/\/orodjarstvo-rode.com\/\",\"name\":\"Orodjarstvo Rode\",\"description\":\"Strokovnjaki izdelave orodij za brizganje gume, plastike in drugih materialov.\",\"publisher\":{\"@id\":\"https:\/\/orodjarstvo-rode.com\/#organization\"},\"potentialAction\":[{\"@type\":\"SearchAction\",\"target\":{\"@type\":\"EntryPoint\",\"urlTemplate\":\"https:\/\/orodjarstvo-rode.com\/?s={search_term_string}\"},\"query-input\":{\"@type\":\"PropertyValueSpecification\",\"valueRequired\":true,\"valueName\":\"search_term_string\"}}],\"inLanguage\":\"de\"},{\"@type\":\"Organization\",\"@id\":\"https:\/\/orodjarstvo-rode.com\/#organization\",\"name\":\"Orodjarstvo Rode\",\"alternateName\":\"Orodjarna Rode\",\"url\":\"https:\/\/orodjarstvo-rode.com\/\",\"logo\":{\"@type\":\"ImageObject\",\"inLanguage\":\"de\",\"@id\":\"https:\/\/orodjarstvo-rode.com\/#\/schema\/logo\/image\/\",\"url\":\"https:\/\/orodjarstvo-rode.com\/wp-content\/uploads\/2023\/03\/cropped-rode-logo.png\",\"contentUrl\":\"https:\/\/orodjarstvo-rode.com\/wp-content\/uploads\/2023\/03\/cropped-rode-logo.png\",\"width\":512,\"height\":512,\"caption\":\"Orodjarstvo Rode\"},\"image\":{\"@id\":\"https:\/\/orodjarstvo-rode.com\/#\/schema\/logo\/image\/\"}}]}<\/script>\n<!-- \/ Yoast SEO plugin. -->","yoast_head_json":{"title":"CNC-Fr\u00e4sen - Orodjarstvo Rode","robots":{"index":"index","follow":"follow","max-snippet":"max-snippet:-1","max-image-preview":"max-image-preview:large","max-video-preview":"max-video-preview:-1"},"canonical":"https:\/\/orodjarstvo-rode.com\/de\/cnc-fraesen\/","og_locale":"de_DE","og_type":"article","og_title":"CNC-Fr\u00e4sen - Orodjarstvo Rode","og_description":"CNC-Fr\u00e4sen Das 3-Achs-Fr\u00e4sen erm\u00f6glicht die Herstellung pr\u00e4ziser Formen aus verschiedenen Materialien, die sich dann zum Spritzgie\u00dfen von Gummi, Kunststoff usw. eignen. 3-Achsen-CNC-Fr\u00e4sen Zur Herstellung von Werkzeugen verwenden wir unsere CNC-Maschinen, mit denen verschiedene Materialien gefr\u00e4st werden k\u00f6nnen: GENTIGER GT-66V, Arbeitsgang: 740 x 500 x 400 mm, 24000 U\/minLEEDWELL v30i, Arbeitsgang: 760 x 510 x 610 [&hellip;]","og_url":"https:\/\/orodjarstvo-rode.com\/de\/cnc-fraesen\/","og_site_name":"Orodjarstvo Rode","article_modified_time":"2023-04-26T14:34:15+00:00","og_image":[{"url":"https:\/\/orodjarstvo-rode.com\/wp-content\/uploads\/2023\/03\/Orodjarstvo_Rode-14.jpg","type":"","width":"","height":""}],"twitter_card":"summary_large_image","twitter_misc":{"Gesch\u00e4tzte Lesezeit":"1\u00a0Minute"},"schema":{"@context":"https:\/\/schema.org","@graph":[{"@type":"WebPage","@id":"https:\/\/orodjarstvo-rode.com\/de\/cnc-fraesen\/","url":"https:\/\/orodjarstvo-rode.com\/de\/cnc-fraesen\/","name":"CNC-Fr\u00e4sen - Orodjarstvo Rode","isPartOf":{"@id":"https:\/\/orodjarstvo-rode.com\/#website"},"primaryImageOfPage":{"@id":"https:\/\/orodjarstvo-rode.com\/de\/cnc-fraesen\/#primaryimage"},"image":{"@id":"https:\/\/orodjarstvo-rode.com\/de\/cnc-fraesen\/#primaryimage"},"thumbnailUrl":"https:\/\/orodjarstvo-rode.com\/wp-content\/uploads\/2023\/03\/Orodjarstvo_Rode-14.jpg","datePublished":"2023-03-13T12:02:51+00:00","dateModified":"2023-04-26T14:34:15+00:00","breadcrumb":{"@id":"https:\/\/orodjarstvo-rode.com\/de\/cnc-fraesen\/#breadcrumb"},"inLanguage":"de","potentialAction":[{"@type":"ReadAction","target":["https:\/\/orodjarstvo-rode.com\/de\/cnc-fraesen\/"]}]},{"@type":"ImageObject","inLanguage":"de","@id":"https:\/\/orodjarstvo-rode.com\/de\/cnc-fraesen\/#primaryimage","url":"https:\/\/orodjarstvo-rode.com\/wp-content\/uploads\/2023\/03\/Orodjarstvo_Rode-14.jpg","contentUrl":"https:\/\/orodjarstvo-rode.com\/wp-content\/uploads\/2023\/03\/Orodjarstvo_Rode-14.jpg"},{"@type":"BreadcrumbList","@id":"https:\/\/orodjarstvo-rode.com\/de\/cnc-fraesen\/#breadcrumb","itemListElement":[{"@type":"ListItem","position":1,"name":"Home","item":"https:\/\/orodjarstvo-rode.com\/"},{"@type":"ListItem","position":2,"name":"CNC-Fr\u00e4sen"}]},{"@type":"WebSite","@id":"https:\/\/orodjarstvo-rode.com\/#website","url":"https:\/\/orodjarstvo-rode.com\/","name":"Orodjarstvo Rode","description":"Strokovnjaki izdelave orodij za brizganje gume, plastike in drugih materialov.","publisher":{"@id":"https:\/\/orodjarstvo-rode.com\/#organization"},"potentialAction":[{"@type":"SearchAction","target":{"@type":"EntryPoint","urlTemplate":"https:\/\/orodjarstvo-rode.com\/?s={search_term_string}"},"query-input":{"@type":"PropertyValueSpecification","valueRequired":true,"valueName":"search_term_string"}}],"inLanguage":"de"},{"@type":"Organization","@id":"https:\/\/orodjarstvo-rode.com\/#organization","name":"Orodjarstvo Rode","alternateName":"Orodjarna Rode","url":"https:\/\/orodjarstvo-rode.com\/","logo":{"@type":"ImageObject","inLanguage":"de","@id":"https:\/\/orodjarstvo-rode.com\/#\/schema\/logo\/image\/","url":"https:\/\/orodjarstvo-rode.com\/wp-content\/uploads\/2023\/03\/cropped-rode-logo.png","contentUrl":"https:\/\/orodjarstvo-rode.com\/wp-content\/uploads\/2023\/03\/cropped-rode-logo.png","width":512,"height":512,"caption":"Orodjarstvo Rode"},"image":{"@id":"https:\/\/orodjarstvo-rode.com\/#\/schema\/logo\/image\/"}}]}},"_links":{"self":[{"href":"https:\/\/orodjarstvo-rode.com\/de\/wp-json\/wp\/v2\/pages\/1065","targetHints":{"allow":["GET"]}}],"collection":[{"href":"https:\/\/orodjarstvo-rode.com\/de\/wp-json\/wp\/v2\/pages"}],"about":[{"href":"https:\/\/orodjarstvo-rode.com\/de\/wp-json\/wp\/v2\/types\/page"}],"author":[{"embeddable":true,"href":"https:\/\/orodjarstvo-rode.com\/de\/wp-json\/wp\/v2\/users\/1"}],"replies":[{"embeddable":true,"href":"https:\/\/orodjarstvo-rode.com\/de\/wp-json\/wp\/v2\/comments?post=1065"}],"version-history":[{"count":7,"href":"https:\/\/orodjarstvo-rode.com\/de\/wp-json\/wp\/v2\/pages\/1065\/revisions"}],"predecessor-version":[{"id":1452,"href":"https:\/\/orodjarstvo-rode.com\/de\/wp-json\/wp\/v2\/pages\/1065\/revisions\/1452"}],"wp:attachment":[{"href":"https:\/\/orodjarstvo-rode.com\/de\/wp-json\/wp\/v2\/media?parent=1065"}],"curies":[{"name":"wp","href":"https:\/\/api.w.org\/{rel}","templated":true}]}}